{"id":2882,"date":"2024-10-24T16:33:43","date_gmt":"2024-10-24T16:33:43","guid":{"rendered":"https:\/\/proteccion.abogadosnow.com\/lesiones-personales\/errores-de-medicacion\/"},"modified":"2024-10-30T16:15:31","modified_gmt":"2024-10-30T16:15:31","slug":"errores-de-medicacion","status":"publish","type":"page","link":"https:\/\/www.proteccionenaccion.com\/es_mx\/lesiones-personales\/errores-de-medicacion\/","title":{"rendered":"Errores de Medicaci\u00f3n"},"content":{"rendered":"\t\t<div data-elementor-type=\"wp-page\" data-elementor-id=\"2882\" class=\"elementor elementor-2882\" data-elementor-post-type=\"page\">\n\t\t\t\t<div class=\"elementor-element elementor-element-1a90e3c6 e-con-full e-flex e-con e-parent\" data-id=\"1a90e3c6\" data-element_type=\"container\" data-e-type=\"container\" data-settings=\"{&quot;background_background&quot;:&quot;classic&quot;}\">\n\t\t\t\t<div class=\"elementor-element elementor-element-1a2ba5c9 elementor-widget elementor-widget-heading\" data-id=\"1a2ba5c9\" data-element_type=\"widget\" data-e-type=\"widget\" data-widget_type=\"heading.default\">\n\t\t\t\t<div class=\"elementor-widget-container\">\n\t\t\t\t\t<h2 class=\"elementor-heading-title elementor-size-default\">Errores de Medicaci\u00f3n<\/h2>\t\t\t\t<\/div>\n\t\t\t\t<\/div>\n\t\t\t\t<div class=\"elementor-element elementor-element-60453eb1 elementor-widget-divider--view-line elementor-widget elementor-widget-divider\" data-id=\"60453eb1\" data-element_type=\"widget\" data-e-type=\"widget\" data-widget_type=\"divider.default\">\n\t\t\t\t<div class=\"elementor-widget-container\">\n\t\t\t\t\t\t\t<div class=\"elementor-divider\">\n\t\t\t<span class=\"elementor-divider-separator\">\n\t\t\t\t\t\t<\/span>\n\t\t<\/div>\n\t\t\t\t\t\t<\/div>\n\t\t\t\t<\/div>\n\t\t\t\t<\/div>\n\t\t<div class=\"elementor-element elementor-element-31290bfd e-flex e-con-boxed e-con e-parent\" data-id=\"31290bfd\" data-element_type=\"container\" data-e-type=\"container\">\n\t\t\t\t\t<div class=\"e-con-inner\">\n\t\t<div class=\"elementor-element elementor-element-5cd4daaf e-con-full e-flex e-con e-child\" data-id=\"5cd4daaf\" data-element_type=\"container\" data-e-type=\"container\">\n\t\t\t\t<div class=\"elementor-element elementor-element-42df1872 elementor-widget elementor-widget-image\" data-id=\"42df1872\" data-element_type=\"widget\" data-e-type=\"widget\" data-widget_type=\"image.default\">\n\t\t\t\t<div class=\"elementor-widget-container\">\n\t\t\t\t\t\t\t\t\t\t\t\t\t\t\t<img decoding=\"async\" src=\"https:\/\/www.proteccionenaccion.com\/wp-content\/uploads\/elementor\/thumbs\/justice-law-and-legal-concept-judge-gavel-and-la-2023-11-27-05-29-26-utc-scaled-1-r574sdwo7fandkuwxp4870r7cs5gdgm5wl216taijo.jpg\" title=\"justice-law-and-legal-concept-judge-gavel-and-la-2023-11-27-05-29-26-utc-scaled.jpg\" alt=\"justice-law-and-legal-concept-judge-gavel-and-la-2023-11-27-05-29-26-utc-scaled.jpg\" loading=\"lazy\" \/>\t\t\t\t\t\t\t\t\t\t\t\t\t\t\t<\/div>\n\t\t\t\t<\/div>\n\t\t\t\t<div class=\"elementor-element elementor-element-193bf830 elementor-absolute elementor-widget elementor-widget-image\" data-id=\"193bf830\" data-element_type=\"widget\" data-e-type=\"widget\" data-settings=\"{&quot;_position&quot;:&quot;absolute&quot;}\" data-widget_type=\"image.default\">\n\t\t\t\t<div class=\"elementor-widget-container\">\n\t\t\t\t\t\t\t\t\t\t\t\t\t\t\t<img fetchpriority=\"high\" decoding=\"async\" width=\"800\" height=\"500\" src=\"https:\/\/www.proteccionenaccion.com\/wp-content\/uploads\/2024\/10\/border1-1024x640.png\" class=\"attachment-large size-large wp-image-3011\" alt=\"\" srcset=\"https:\/\/www.proteccionenaccion.com\/wp-content\/uploads\/2024\/10\/border1-1024x640.png 1024w, https:\/\/www.proteccionenaccion.com\/wp-content\/uploads\/2024\/10\/border1-300x188.png 300w, https:\/\/www.proteccionenaccion.com\/wp-content\/uploads\/2024\/10\/border1-768x480.png 768w, https:\/\/www.proteccionenaccion.com\/wp-content\/uploads\/2024\/10\/border1-18x12.png 18w, https:\/\/www.proteccionenaccion.com\/wp-content\/uploads\/2024\/10\/border1.png 1440w\" sizes=\"(max-width: 800px) 100vw, 800px\" \/>\t\t\t\t\t\t\t\t\t\t\t\t\t\t\t<\/div>\n\t\t\t\t<\/div>\n\t\t\t\t<\/div>\n\t\t<div class=\"elementor-element elementor-element-795f6b27 e-con-full e-flex e-con e-child\" data-id=\"795f6b27\" data-element_type=\"container\" data-e-type=\"container\">\n\t\t\t\t<div class=\"elementor-element elementor-element-5b59b756 elementor-widget elementor-widget-text-editor\" data-id=\"5b59b756\" data-element_type=\"widget\" data-e-type=\"widget\" data-widget_type=\"text-editor.default\">\n\t\t\t\t<div class=\"elementor-widget-container\">\n\t\t\t\t\t\t\t\t\t<p>Age discrimination in the workplace is a serious issue and protected against by both federal and state laws for workers aged 40 and older. Both the Federal Age Discrimination in Employment Act (ADEA) and California&#8217;s Fair Housing and Employment Act (FEHA) prohibit discrimination based on age in all aspects of employment, including hiring, firing, promotions, wages, benefits, and other terms and conditions of work. The ADEA applies to companies with 15 or more employees, while FEHA extends protection to those working in companies with 5 or more employees.\u00a0Generally, individuals have three (3) years from the date of discrimination to file a pre-complaint inquiry in California.<\/p><p>To prove age discrimination, an employee must demonstrate that they are over 40, qualified for their job, subjected to discriminatory conduct, and that younger employees were not treated similarly. The process often involves filing a complaint with the California Civil Rights Department (CRD) or the Equal Employment Opportunity Commission (EEOC). While employers may attempt to justify their actions with reasons like downsizing, poor performance, or company reorganization, an experienced age discrimination attorney can help gather direct, indirect, and contextual evidence to support the claim.\u00a0<\/p>\t\t\t\t\t\t\t\t<\/div>\n\t\t\t\t<\/div>\n\t\t\t\t<\/div>\n\t\t\t\t\t<\/div>\n\t\t\t\t<\/div>\n\t\t<div class=\"elementor-element elementor-element-23281c82 e-flex e-con-boxed e-con e-parent\" data-id=\"23281c82\" data-element_type=\"container\" data-e-type=\"container\" data-settings=\"{&quot;background_background&quot;:&quot;classic&quot;}\">\n\t\t\t\t\t<div class=\"e-con-inner\">\n\t\t<div class=\"elementor-element elementor-element-2b2cb356 e-con-full e-flex e-con e-child\" data-id=\"2b2cb356\" data-element_type=\"container\" data-e-type=\"container\" data-settings=\"{&quot;background_background&quot;:&quot;classic&quot;}\">\n\t\t\t\t<div class=\"elementor-element elementor-element-42764cdf elementor-widget elementor-widget-text-editor\" data-id=\"42764cdf\" data-element_type=\"widget\" data-e-type=\"widget\" data-widget_type=\"text-editor.default\">\n\t\t\t\t<div class=\"elementor-widget-container\">\n\t\t\t\t\t\t\t\t\t<p>Age discrimination is sometimes difficult to identify. Examples of age discrimination include illegal early retirement deals, replacing older workers with younger ones without legitimate business reasons, unfair wage determinations, and inequality in job benefits. The Older Workers Benefit Protection Act (OWBPA) further requires employers to treat older and younger employees equally in terms of benefits. It&#8217;s important to note that age discrimination can be subtle and often disguised as other business decisions.<\/p><p>\u00a0<\/p><p>Victims of age discrimination may be entitled to various forms of compensation, including back pay, future lost earnings, job reinstatement, pay differentials from missed promotions or raises, benefits, and damages for emotional distress and pain and suffering. Additionally, both federal and state laws protect employees from retaliation for filing age discrimination complaints or participating in related court proceedings.\u00a0<\/p>\t\t\t\t\t\t\t\t<\/div>\n\t\t\t\t<\/div>\n\t\t\t\t<\/div>\n\t\t\t\t\t<\/div>\n\t\t\t\t<\/div>\n\t\t<div class=\"elementor-element elementor-element-78da3412 e-flex e-con-boxed e-con e-parent\" data-id=\"78da3412\" data-element_type=\"container\" data-e-type=\"container\">\n\t\t\t\t\t<div class=\"e-con-inner\">\n\t\t<div class=\"elementor-element elementor-element-7d8eefa9 e-con-full e-flex e-con e-child\" data-id=\"7d8eefa9\" data-element_type=\"container\" data-e-type=\"container\">\n\t\t\t\t<div class=\"elementor-element elementor-element-752dd5b2 elementor-widget elementor-widget-text-editor\" data-id=\"752dd5b2\" data-element_type=\"widget\" data-e-type=\"widget\" data-widget_type=\"text-editor.default\">\n\t\t\t\t<div class=\"elementor-widget-container\">\n\t\t\t\t\t\t\t\t\t<p>La discriminaci\u00f3n por edad en el trabajo es un problema serio y est\u00e1 protegida tanto por leyes federales como estatales para trabajadores de 40 a\u00f1os o m\u00e1s. La Ley Federal de Discriminaci\u00f3n por Edad en el Empleo (ADEA) y la Ley de Vivienda y Empleo Justo de California (FEHA) proh\u00edben la discriminaci\u00f3n por edad en todos los aspectos del empleo, incluyendo contrataci\u00f3n, despido, promociones, salarios, beneficios y otras condiciones laborales. La ADEA se aplica a empresas con 15 o m\u00e1s empleados, mientras que la FEHA protege a trabajadores de empresas con 5 o m\u00e1s empleados. Generalmente, tienes tres a\u00f1os desde la fecha de discriminaci\u00f3n para presentar una consulta preliminar en California.<\/p><p>Para probar discriminaci\u00f3n por edad, debes demostrar que tienes m\u00e1s de 40 a\u00f1os, que est\u00e1s calificado para tu trabajo, que fuiste v\u00edctima de discriminaci\u00f3n y que empleados m\u00e1s j\u00f3venes no recibieron el mismo trato. El proceso normalmente requiere presentar una queja ante el Departamento de Derechos Civiles de California (CRD) o la Comisi\u00f3n de Igualdad de Oportunidades en el Empleo (EEOC). Aunque los empleadores pueden intentar justificar sus acciones con razones como recortes, bajo rendimiento o reestructuraci\u00f3n de la empresa, un abogado especializado en discriminaci\u00f3n por edad puede ayudarte a reunir pruebas directas, indirectas y contextuales para respaldar tu caso.<\/p>\t\t\t\t\t\t\t\t<\/div>\n\t\t\t\t<\/div>\n\t\t\t\t<\/div>\n\t\t<div class=\"elementor-element elementor-element-407b8064 e-con-full e-flex e-con e-child\" data-id=\"407b8064\" data-element_type=\"container\" data-e-type=\"container\">\n\t\t\t\t<div class=\"elementor-element elementor-element-7f3557ff elementor-widget elementor-widget-image\" data-id=\"7f3557ff\" data-element_type=\"widget\" data-e-type=\"widget\" data-widget_type=\"image.default\">\n\t\t\t\t<div class=\"elementor-widget-container\">\n\t\t\t\t\t\t\t\t\t\t\t\t\t\t\t<img decoding=\"async\" src=\"https:\/\/www.proteccionenaccion.com\/wp-content\/uploads\/elementor\/thumbs\/justice-law-and-legal-concept-judge-gavel-and-la-2023-11-27-05-29-26-utc-scaled-1-r574sdwo7fandkuwxp4870r7cs5gdgm5wl216taijo.jpg\" title=\"justice-law-and-legal-concept-judge-gavel-and-la-2023-11-27-05-29-26-utc-scaled.jpg\" alt=\"justice-law-and-legal-concept-judge-gavel-and-la-2023-11-27-05-29-26-utc-scaled.jpg\" loading=\"lazy\" \/>\t\t\t\t\t\t\t\t\t\t\t\t\t\t\t<\/div>\n\t\t\t\t<\/div>\n\t\t\t\t<div class=\"elementor-element elementor-element-3b76382c elementor-absolute elementor-widget elementor-widget-image\" data-id=\"3b76382c\" data-element_type=\"widget\" data-e-type=\"widget\" data-settings=\"{&quot;_position&quot;:&quot;absolute&quot;}\" data-widget_type=\"image.default\">\n\t\t\t\t<div class=\"elementor-widget-container\">\n\t\t\t\t\t\t\t\t\t\t\t\t\t\t\t<img fetchpriority=\"high\" decoding=\"async\" width=\"800\" height=\"500\" src=\"https:\/\/www.proteccionenaccion.com\/wp-content\/uploads\/2024\/10\/border1-1024x640.png\" class=\"attachment-large size-large wp-image-3011\" alt=\"\" srcset=\"https:\/\/www.proteccionenaccion.com\/wp-content\/uploads\/2024\/10\/border1-1024x640.png 1024w, https:\/\/www.proteccionenaccion.com\/wp-content\/uploads\/2024\/10\/border1-300x188.png 300w, https:\/\/www.proteccionenaccion.com\/wp-content\/uploads\/2024\/10\/border1-768x480.png 768w, https:\/\/www.proteccionenaccion.com\/wp-content\/uploads\/2024\/10\/border1-18x12.png 18w, https:\/\/www.proteccionenaccion.com\/wp-content\/uploads\/2024\/10\/border1.png 1440w\" sizes=\"(max-width: 800px) 100vw, 800px\" \/>\t\t\t\t\t\t\t\t\t\t\t\t\t\t\t<\/div>\n\t\t\t\t<\/div>\n\t\t\t\t<\/div>\n\t\t\t\t\t<\/div>\n\t\t\t\t<\/div>\n\t\t<div class=\"elementor-element elementor-element-1c8e4797 e-flex e-con-boxed e-con e-parent\" data-id=\"1c8e4797\" data-element_type=\"container\" data-e-type=\"container\" data-settings=\"{&quot;background_background&quot;:&quot;classic&quot;}\">\n\t\t\t\t\t<div class=\"e-con-inner\">\n\t\t<div class=\"elementor-element elementor-element-58b47388 e-con-full e-flex e-con e-child\" data-id=\"58b47388\" data-element_type=\"container\" data-e-type=\"container\" data-settings=\"{&quot;background_background&quot;:&quot;classic&quot;}\">\n\t\t\t\t<div class=\"elementor-element elementor-element-3a6a534e elementor-widget elementor-widget-heading\" data-id=\"3a6a534e\" data-element_type=\"widget\" data-e-type=\"widget\" data-widget_type=\"heading.default\">\n\t\t\t\t<div class=\"elementor-widget-container\">\n\t\t\t\t\t<p class=\"elementor-heading-title elementor-size-default\">If you or someone you know is suffering age discrimination in the workplace, contact us immediately. \n<\/p>\t\t\t\t<\/div>\n\t\t\t\t<\/div>\n\t\t\t\t<div class=\"elementor-element elementor-element-6ea96678 elementor-widget elementor-widget-heading\" data-id=\"6ea96678\" data-element_type=\"widget\" data-e-type=\"widget\" data-widget_type=\"heading.default\">\n\t\t\t\t<div class=\"elementor-widget-container\">\n\t\t\t\t\t<p class=\"elementor-heading-title elementor-size-default\">\u00a1Protegemos tus derechos!<\/p>\t\t\t\t<\/div>\n\t\t\t\t<\/div>\n\t\t\t\t<div class=\"elementor-element elementor-element-668e8998 elementor-align-center elementor-widget elementor-widget-button\" data-id=\"668e8998\" data-element_type=\"widget\" data-e-type=\"widget\" data-widget_type=\"button.default\">\n\t\t\t\t<div class=\"elementor-widget-container\">\n\t\t\t\t\t\t\t\t\t<div class=\"elementor-button-wrapper\">\n\t\t\t\t\t<a class=\"elementor-button elementor-button-link elementor-size-sm\" href=\"#elementor-action%3Aaction%3Dpopup%3Aopen%26settings%3DeyJpZCI6IjEzNzIiLCJ0b2dnbGUiOmZhbHNlfQ%3D%3D\">\n\t\t\t\t\t\t<span class=\"elementor-button-content-wrapper\">\n\t\t\t\t\t\t\t\t\t<span class=\"elementor-button-text\">Agenda una consulta<\/span>\n\t\t\t\t\t<\/span>\n\t\t\t\t\t<\/a>\n\t\t\t\t<\/div>\n\t\t\t\t\t\t\t\t<\/div>\n\t\t\t\t<\/div>\n\t\t\t\t<\/div>\n\t\t\t\t\t<\/div>\n\t\t\t\t<\/div>\n\t\t\t\t<\/div>\n\t\t","protected":false},"excerpt":{"rendered":"<p>Age discrimination in the workplace is a serious issue and protected against by both federal and state laws for workers aged 40 and older. Both the Federal Age Discrimination in Employment Act (ADEA) and California&#8217;s Fair Housing and Employment Act (FEHA) prohibit discrimination based on age in all aspects of employment, including hiring, firing, promotions, [&hellip;]<\/p>\n","protected":false},"author":6,"featured_media":0,"parent":2874,"menu_order":38,"comment_status":"closed","ping_status":"closed","template":"","meta":{"_acf_changed":false,"_monsterinsights_skip_tracking":false,"_monsterinsights_sitenote_active":false,"_monsterinsights_sitenote_note":"","_monsterinsights_sitenote_category":0,"_uf_show_specific_survey":0,"_uf_disable_surveys":false,"footnotes":""},"class_list":["post-2882","page","type-page","status-publish","hentry"],"acf":[],"aioseo_notices":[],"_links":{"self":[{"href":"https:\/\/www.proteccionenaccion.com\/es_mx\/wp-json\/wp\/v2\/pages\/2882","targetHints":{"allow":["GET"]}}],"collection":[{"href":"https:\/\/www.proteccionenaccion.com\/es_mx\/wp-json\/wp\/v2\/pages"}],"about":[{"href":"https:\/\/www.proteccionenaccion.com\/es_mx\/wp-json\/wp\/v2\/types\/page"}],"author":[{"embeddable":true,"href":"https:\/\/www.proteccionenaccion.com\/es_mx\/wp-json\/wp\/v2\/users\/6"}],"replies":[{"embeddable":true,"href":"https:\/\/www.proteccionenaccion.com\/es_mx\/wp-json\/wp\/v2\/comments?post=2882"}],"version-history":[{"count":0,"href":"https:\/\/www.proteccionenaccion.com\/es_mx\/wp-json\/wp\/v2\/pages\/2882\/revisions"}],"up":[{"embeddable":true,"href":"https:\/\/www.proteccionenaccion.com\/es_mx\/wp-json\/wp\/v2\/pages\/2874"}],"wp:attachment":[{"href":"https:\/\/www.proteccionenaccion.com\/es_mx\/wp-json\/wp\/v2\/media?parent=2882"}],"curies":[{"name":"wp","href":"https:\/\/api.w.org\/{rel}","templated":true}]}}