{"id":2878,"date":"2024-10-24T16:33:43","date_gmt":"2024-10-24T16:33:43","guid":{"rendered":"https:\/\/proteccion.abogadosnow.com\/lesiones-personales\/lesiones-catastroficas\/"},"modified":"2024-10-31T00:40:16","modified_gmt":"2024-10-31T00:40:16","slug":"lesiones-catastroficas","status":"publish","type":"page","link":"https:\/\/www.proteccionenaccion.com\/es_mx\/lesiones-personales\/lesiones-catastroficas\/","title":{"rendered":"Lesiones Catastr\u00f3ficas"},"content":{"rendered":"\t\t<div data-elementor-type=\"wp-page\" data-elementor-id=\"2878\" class=\"elementor elementor-2878\" data-elementor-post-type=\"page\">\n\t\t\t\t<div class=\"elementor-element elementor-element-7e9cc693 e-con-full e-flex e-con e-parent\" data-id=\"7e9cc693\" data-element_type=\"container\" data-e-type=\"container\" data-settings=\"{&quot;background_background&quot;:&quot;classic&quot;}\">\n\t\t\t\t<div class=\"elementor-element elementor-element-efb9259 elementor-widget elementor-widget-heading\" data-id=\"efb9259\" data-element_type=\"widget\" data-e-type=\"widget\" data-widget_type=\"heading.default\">\n\t\t\t\t<div class=\"elementor-widget-container\">\n\t\t\t\t\t<h2 class=\"elementor-heading-title elementor-size-default\">Lesiones Catastr\u00f3ficas<\/h2>\t\t\t\t<\/div>\n\t\t\t\t<\/div>\n\t\t\t\t<div class=\"elementor-element elementor-element-518809fe elementor-widget-divider--view-line elementor-widget elementor-widget-divider\" data-id=\"518809fe\" data-element_type=\"widget\" data-e-type=\"widget\" data-widget_type=\"divider.default\">\n\t\t\t\t<div class=\"elementor-widget-container\">\n\t\t\t\t\t\t\t<div class=\"elementor-divider\">\n\t\t\t<span class=\"elementor-divider-separator\">\n\t\t\t\t\t\t<\/span>\n\t\t<\/div>\n\t\t\t\t\t\t<\/div>\n\t\t\t\t<\/div>\n\t\t\t\t<\/div>\n\t\t<div class=\"elementor-element elementor-element-4ddfb7ea e-flex e-con-boxed e-con e-parent\" data-id=\"4ddfb7ea\" data-element_type=\"container\" data-e-type=\"container\">\n\t\t\t\t\t<div class=\"e-con-inner\">\n\t\t<div class=\"elementor-element elementor-element-58d6568a e-con-full e-flex e-con e-child\" data-id=\"58d6568a\" data-element_type=\"container\" data-e-type=\"container\">\n\t\t\t\t<div class=\"elementor-element elementor-element-4d54236d elementor-widget elementor-widget-image\" data-id=\"4d54236d\" data-element_type=\"widget\" data-e-type=\"widget\" data-widget_type=\"image.default\">\n\t\t\t\t<div class=\"elementor-widget-container\">\n\t\t\t\t\t\t\t\t\t\t\t\t\t\t\t<img decoding=\"async\" src=\"https:\/\/www.proteccionenaccion.com\/wp-content\/uploads\/elementor\/thumbs\/Depositphotos_51250205_XL-r574sc0ztr82qcxn8oaz218a60epy2ep8br289daw4.webp\" title=\"Depositphotos_51250205_XL\" alt=\"Depositphotos_51250205_XL\" loading=\"lazy\" \/>\t\t\t\t\t\t\t\t\t\t\t\t\t\t\t<\/div>\n\t\t\t\t<\/div>\n\t\t\t\t<div class=\"elementor-element elementor-element-7dff1878 elementor-absolute elementor-widget elementor-widget-image\" data-id=\"7dff1878\" data-element_type=\"widget\" data-e-type=\"widget\" data-settings=\"{&quot;_position&quot;:&quot;absolute&quot;}\" data-widget_type=\"image.default\">\n\t\t\t\t<div class=\"elementor-widget-container\">\n\t\t\t\t\t\t\t\t\t\t\t\t\t\t\t<img fetchpriority=\"high\" decoding=\"async\" width=\"800\" height=\"500\" src=\"https:\/\/www.proteccionenaccion.com\/wp-content\/uploads\/2024\/10\/border1-1024x640.png\" class=\"attachment-large size-large wp-image-3011\" alt=\"\" srcset=\"https:\/\/www.proteccionenaccion.com\/wp-content\/uploads\/2024\/10\/border1-1024x640.png 1024w, https:\/\/www.proteccionenaccion.com\/wp-content\/uploads\/2024\/10\/border1-300x188.png 300w, https:\/\/www.proteccionenaccion.com\/wp-content\/uploads\/2024\/10\/border1-768x480.png 768w, https:\/\/www.proteccionenaccion.com\/wp-content\/uploads\/2024\/10\/border1-18x12.png 18w, https:\/\/www.proteccionenaccion.com\/wp-content\/uploads\/2024\/10\/border1.png 1440w\" sizes=\"(max-width: 800px) 100vw, 800px\" \/>\t\t\t\t\t\t\t\t\t\t\t\t\t\t\t<\/div>\n\t\t\t\t<\/div>\n\t\t\t\t<\/div>\n\t\t<div class=\"elementor-element elementor-element-2f2b415 e-con-full e-flex e-con e-child\" data-id=\"2f2b415\" data-element_type=\"container\" data-e-type=\"container\">\n\t\t\t\t<div class=\"elementor-element elementor-element-52194088 elementor-widget elementor-widget-text-editor\" data-id=\"52194088\" data-element_type=\"widget\" data-e-type=\"widget\" data-widget_type=\"text-editor.default\">\n\t\t\t\t<div class=\"elementor-widget-container\">\n\t\t\t\t\t\t\t\t\t<p>Las lesiones m\u00e1s severas, dolorosas y que cambian la vida son las lesiones catastr\u00f3ficas. Estas lesiones son permanentes o de larga duraci\u00f3n e impiden que una persona se involucre en un empleo productivo. A menudo implican dolor cr\u00f3nico, p\u00e9rdida de extremidades o deterioro de funciones corporales.<\/p><p>Las lesiones catastr\u00f3ficas son causadas por negligencia, incluyendo accidentes vehiculares, accidentes laborales, accidentes en sitios de construcci\u00f3n, ataques de animales, mala praxis m\u00e9dica o productos defectuosos. Ejemplos de lesiones catastr\u00f3ficas incluyen lesiones cerebrales traum\u00e1ticas (TBI), da\u00f1o a la m\u00e9dula espinal (SCI), amputaciones, par\u00e1lisis, desfiguraci\u00f3n severa y p\u00e9rdida de funciones sensoriales como la vista o el o\u00eddo. Los actores negligentes no se limitan a aquellos que son claramente responsables y pueden incluir a automovilistas, fabricantes o distribuidores de productos, propietarios de propiedades, empleadores o due\u00f1os de animales. Incluso si la v\u00edctima tiene una responsabilidad parcial en el accidente, a\u00fan puede ser elegible para recibir compensaci\u00f3n bajo las leyes de negligencia comparativa pura de California, aunque el monto de la indemnizaci\u00f3n puede reducirse proporcionalmente.<\/p>\t\t\t\t\t\t\t\t<\/div>\n\t\t\t\t<\/div>\n\t\t\t\t<\/div>\n\t\t\t\t\t<\/div>\n\t\t\t\t<\/div>\n\t\t<div class=\"elementor-element elementor-element-66d4f60e e-flex e-con-boxed e-con e-parent\" data-id=\"66d4f60e\" data-element_type=\"container\" data-e-type=\"container\" data-settings=\"{&quot;background_background&quot;:&quot;classic&quot;}\">\n\t\t\t\t\t<div class=\"e-con-inner\">\n\t\t<div class=\"elementor-element elementor-element-5d03555c e-con-full e-flex e-con e-child\" data-id=\"5d03555c\" data-element_type=\"container\" data-e-type=\"container\" data-settings=\"{&quot;background_background&quot;:&quot;classic&quot;}\">\n\t\t\t\t<div class=\"elementor-element elementor-element-32af12a3 elementor-widget elementor-widget-text-editor\" data-id=\"32af12a3\" data-element_type=\"widget\" data-e-type=\"widget\" data-widget_type=\"text-editor.default\">\n\t\t\t\t<div class=\"elementor-widget-container\">\n\t\t\t\t\t\t\t\t\t<p>Las v\u00edctimas de tales lesiones requieren atenci\u00f3n m\u00e9dica extensa y experimentan una disminuci\u00f3n significativa en su calidad de vida. En tales casos, tienen el derecho de buscar compensaci\u00f3n financiera y justicia por su sufrimiento f\u00edsico y emocional.<\/p>\t\t\t\t\t\t\t\t<\/div>\n\t\t\t\t<\/div>\n\t\t\t\t<\/div>\n\t\t\t\t\t<\/div>\n\t\t\t\t<\/div>\n\t\t<div class=\"elementor-element elementor-element-2491ae80 e-flex e-con-boxed e-con e-parent\" data-id=\"2491ae80\" data-element_type=\"container\" data-e-type=\"container\" data-settings=\"{&quot;background_background&quot;:&quot;classic&quot;}\">\n\t\t\t\t\t<div class=\"e-con-inner\">\n\t\t<div class=\"elementor-element elementor-element-74b5e164 e-con-full e-flex e-con e-child\" data-id=\"74b5e164\" data-element_type=\"container\" data-e-type=\"container\" data-settings=\"{&quot;background_background&quot;:&quot;classic&quot;}\">\n\t\t\t\t<div class=\"elementor-element elementor-element-75e0ba28 elementor-widget elementor-widget-heading\" data-id=\"75e0ba28\" data-element_type=\"widget\" data-e-type=\"widget\" data-widget_type=\"heading.default\">\n\t\t\t\t<div class=\"elementor-widget-container\">\n\t\t\t\t\t<p class=\"elementor-heading-title elementor-size-default\">Si t\u00fa o alguien que conoces ha sufrido una lesi\u00f3n catastr\u00f3fica, cont\u00e1ctanos de inmediato.\n<\/p>\t\t\t\t<\/div>\n\t\t\t\t<\/div>\n\t\t\t\t<div class=\"elementor-element elementor-element-11ba3b72 elementor-widget elementor-widget-heading\" data-id=\"11ba3b72\" data-element_type=\"widget\" data-e-type=\"widget\" data-widget_type=\"heading.default\">\n\t\t\t\t<div class=\"elementor-widget-container\">\n\t\t\t\t\t<p class=\"elementor-heading-title elementor-size-default\">\u00a1Protegemos tus derechos!<\/p>\t\t\t\t<\/div>\n\t\t\t\t<\/div>\n\t\t\t\t<div class=\"elementor-element elementor-element-5173df88 elementor-align-center elementor-widget elementor-widget-button\" data-id=\"5173df88\" data-element_type=\"widget\" data-e-type=\"widget\" data-widget_type=\"button.default\">\n\t\t\t\t<div class=\"elementor-widget-container\">\n\t\t\t\t\t\t\t\t\t<div class=\"elementor-button-wrapper\">\n\t\t\t\t\t<a class=\"elementor-button elementor-button-link elementor-size-sm\" href=\"#elementor-action%3Aaction%3Dpopup%3Aopen%26settings%3DeyJpZCI6IjEzNzIiLCJ0b2dnbGUiOmZhbHNlfQ%3D%3D\">\n\t\t\t\t\t\t<span class=\"elementor-button-content-wrapper\">\n\t\t\t\t\t\t\t\t\t<span class=\"elementor-button-text\">Agenda una consulta<\/span>\n\t\t\t\t\t<\/span>\n\t\t\t\t\t<\/a>\n\t\t\t\t<\/div>\n\t\t\t\t\t\t\t\t<\/div>\n\t\t\t\t<\/div>\n\t\t\t\t<\/div>\n\t\t\t\t\t<\/div>\n\t\t\t\t<\/div>\n\t\t\t\t<\/div>\n\t\t","protected":false},"excerpt":{"rendered":"<p>Las lesiones m\u00e1s severas, dolorosas y que cambian la vida son las lesiones catastr\u00f3ficas. Estas lesiones son permanentes o de larga duraci\u00f3n e impiden que una persona se involucre en un empleo productivo. A menudo implican dolor cr\u00f3nico, p\u00e9rdida de extremidades o deterioro de funciones corporales. Las lesiones catastr\u00f3ficas son causadas por negligencia, incluyendo accidentes [&hellip;]<\/p>\n","protected":false},"author":6,"featured_media":0,"parent":2874,"menu_order":34,"comment_status":"closed","ping_status":"closed","template":"","meta":{"_acf_changed":false,"_monsterinsights_skip_tracking":false,"_monsterinsights_sitenote_active":false,"_monsterinsights_sitenote_note":"","_monsterinsights_sitenote_category":0,"_uf_show_specific_survey":0,"_uf_disable_surveys":false,"footnotes":""},"class_list":["post-2878","page","type-page","status-publish","hentry"],"acf":[],"aioseo_notices":[],"_links":{"self":[{"href":"https:\/\/www.proteccionenaccion.com\/es_mx\/wp-json\/wp\/v2\/pages\/2878","targetHints":{"allow":["GET"]}}],"collection":[{"href":"https:\/\/www.proteccionenaccion.com\/es_mx\/wp-json\/wp\/v2\/pages"}],"about":[{"href":"https:\/\/www.proteccionenaccion.com\/es_mx\/wp-json\/wp\/v2\/types\/page"}],"author":[{"embeddable":true,"href":"https:\/\/www.proteccionenaccion.com\/es_mx\/wp-json\/wp\/v2\/users\/6"}],"replies":[{"embeddable":true,"href":"https:\/\/www.proteccionenaccion.com\/es_mx\/wp-json\/wp\/v2\/comments?post=2878"}],"version-history":[{"count":0,"href":"https:\/\/www.proteccionenaccion.com\/es_mx\/wp-json\/wp\/v2\/pages\/2878\/revisions"}],"up":[{"embeddable":true,"href":"https:\/\/www.proteccionenaccion.com\/es_mx\/wp-json\/wp\/v2\/pages\/2874"}],"wp:attachment":[{"href":"https:\/\/www.proteccionenaccion.com\/es_mx\/wp-json\/wp\/v2\/media?parent=2878"}],"curies":[{"name":"wp","href":"https:\/\/api.w.org\/{rel}","templated":true}]}}