{"id":2857,"date":"2024-10-24T16:32:35","date_gmt":"2024-10-24T16:32:35","guid":{"rendered":"https:\/\/proteccion.abogadosnow.com\/ley-laboral\/clausulas-de-no-competencia\/"},"modified":"2024-10-31T01:12:49","modified_gmt":"2024-10-31T01:12:49","slug":"clausulas-de-no-competencia","status":"publish","type":"page","link":"https:\/\/www.proteccionenaccion.com\/es_mx\/ley-laboral\/clausulas-de-no-competencia\/","title":{"rendered":"Cl\u00e1usulas de No Competencia"},"content":{"rendered":"\t\t<div data-elementor-type=\"wp-page\" data-elementor-id=\"2857\" class=\"elementor elementor-2857\" data-elementor-post-type=\"page\">\n\t\t\t\t<div class=\"elementor-element elementor-element-380868dd e-con-full e-flex e-con e-parent\" data-id=\"380868dd\" data-element_type=\"container\" data-e-type=\"container\" data-settings=\"{&quot;background_background&quot;:&quot;classic&quot;}\">\n\t\t\t\t<div class=\"elementor-element elementor-element-19448949 elementor-widget elementor-widget-heading\" data-id=\"19448949\" data-element_type=\"widget\" data-e-type=\"widget\" data-widget_type=\"heading.default\">\n\t\t\t\t<div class=\"elementor-widget-container\">\n\t\t\t\t\t<h2 class=\"elementor-heading-title elementor-size-default\">Cl\u00e1usulas de No Competencia<\/h2>\t\t\t\t<\/div>\n\t\t\t\t<\/div>\n\t\t\t\t<div class=\"elementor-element elementor-element-7a3d4cf0 elementor-widget-divider--view-line elementor-widget elementor-widget-divider\" data-id=\"7a3d4cf0\" data-element_type=\"widget\" data-e-type=\"widget\" data-widget_type=\"divider.default\">\n\t\t\t\t<div class=\"elementor-widget-container\">\n\t\t\t\t\t\t\t<div class=\"elementor-divider\">\n\t\t\t<span class=\"elementor-divider-separator\">\n\t\t\t\t\t\t<\/span>\n\t\t<\/div>\n\t\t\t\t\t\t<\/div>\n\t\t\t\t<\/div>\n\t\t\t\t<\/div>\n\t\t<div class=\"elementor-element elementor-element-7062f131 e-flex e-con-boxed e-con e-parent\" data-id=\"7062f131\" data-element_type=\"container\" data-e-type=\"container\">\n\t\t\t\t\t<div class=\"e-con-inner\">\n\t\t<div class=\"elementor-element elementor-element-27da8ced e-con-full e-flex e-con e-child\" data-id=\"27da8ced\" data-element_type=\"container\" data-e-type=\"container\">\n\t\t\t\t<div class=\"elementor-element elementor-element-6e467d9e elementor-widget elementor-widget-image\" data-id=\"6e467d9e\" data-element_type=\"widget\" data-e-type=\"widget\" data-widget_type=\"image.default\">\n\t\t\t\t<div class=\"elementor-widget-container\">\n\t\t\t\t\t\t\t\t\t\t\t\t\t\t\t<img fetchpriority=\"high\" decoding=\"async\" width=\"800\" height=\"534\" src=\"https:\/\/www.proteccionenaccion.com\/wp-content\/uploads\/2024\/10\/Depositphotos_24695951_XL-1024x683.webp\" class=\"attachment-large size-large wp-image-3692\" alt=\"\" srcset=\"https:\/\/www.proteccionenaccion.com\/wp-content\/uploads\/2024\/10\/Depositphotos_24695951_XL-1024x683.webp 1024w, https:\/\/www.proteccionenaccion.com\/wp-content\/uploads\/2024\/10\/Depositphotos_24695951_XL-300x200.webp 300w, https:\/\/www.proteccionenaccion.com\/wp-content\/uploads\/2024\/10\/Depositphotos_24695951_XL-768x512.webp 768w, https:\/\/www.proteccionenaccion.com\/wp-content\/uploads\/2024\/10\/Depositphotos_24695951_XL-1536x1024.webp 1536w, https:\/\/www.proteccionenaccion.com\/wp-content\/uploads\/2024\/10\/Depositphotos_24695951_XL-18x12.webp 18w, https:\/\/www.proteccionenaccion.com\/wp-content\/uploads\/2024\/10\/Depositphotos_24695951_XL.webp 1600w\" sizes=\"(max-width: 800px) 100vw, 800px\" \/>\t\t\t\t\t\t\t\t\t\t\t\t\t\t\t<\/div>\n\t\t\t\t<\/div>\n\t\t\t\t<div class=\"elementor-element elementor-element-9e512c9 elementor-absolute elementor-widget elementor-widget-image\" data-id=\"9e512c9\" data-element_type=\"widget\" data-e-type=\"widget\" data-settings=\"{&quot;_position&quot;:&quot;absolute&quot;}\" data-widget_type=\"image.default\">\n\t\t\t\t<div class=\"elementor-widget-container\">\n\t\t\t\t\t\t\t\t\t\t\t\t\t\t\t<img decoding=\"async\" width=\"800\" height=\"500\" src=\"https:\/\/www.proteccionenaccion.com\/wp-content\/uploads\/2024\/10\/border1-1024x640.png\" class=\"attachment-large size-large wp-image-3011\" alt=\"\" srcset=\"https:\/\/www.proteccionenaccion.com\/wp-content\/uploads\/2024\/10\/border1-1024x640.png 1024w, https:\/\/www.proteccionenaccion.com\/wp-content\/uploads\/2024\/10\/border1-300x188.png 300w, https:\/\/www.proteccionenaccion.com\/wp-content\/uploads\/2024\/10\/border1-768x480.png 768w, https:\/\/www.proteccionenaccion.com\/wp-content\/uploads\/2024\/10\/border1-18x12.png 18w, https:\/\/www.proteccionenaccion.com\/wp-content\/uploads\/2024\/10\/border1.png 1440w\" sizes=\"(max-width: 800px) 100vw, 800px\" \/>\t\t\t\t\t\t\t\t\t\t\t\t\t\t\t<\/div>\n\t\t\t\t<\/div>\n\t\t\t\t<\/div>\n\t\t<div class=\"elementor-element elementor-element-22e3c19f e-con-full e-flex e-con e-child\" data-id=\"22e3c19f\" data-element_type=\"container\" data-e-type=\"container\">\n\t\t\t\t<div class=\"elementor-element elementor-element-2361e99f elementor-widget elementor-widget-text-editor\" data-id=\"2361e99f\" data-element_type=\"widget\" data-e-type=\"widget\" data-widget_type=\"text-editor.default\">\n\t\t\t\t<div class=\"elementor-widget-container\">\n\t\t\t\t\t\t\t\t\t<p>Las cl\u00e1usulas de no competencia est\u00e1n dise\u00f1adas para prohibir a los empleados participar en actividades competitivas despu\u00e9s de dejar a su empleador actual. Sin embargo, el C\u00f3digo de Negocios y Profesiones de California, espec\u00edficamente la secci\u00f3n 16600, declara que estas cl\u00e1usulas son ilegales y defiende la libertad de los trabajadores para cambiar de empleo sin dificultades ni consecuencias.<\/p><p>A pesar de su inaplicabilidad, los empleadores a\u00fan incluyen estas cl\u00e1usulas en contratos y pol\u00edticas, lo que enga\u00f1a a los empleados sobre sus opciones laborales posteriores. Tambi\u00e9n es importante se\u00f1alar que California proh\u00edbe a los empleadores de otros estados utilizar &#8220;cl\u00e1usulas de elecci\u00f3n de ley&#8221; para imponer acuerdos de no competencia bajo las leyes de otro estado. Esta protecci\u00f3n asegura que los trabajadores de California no est\u00e9n sujetos a acuerdos de no competencia, incluso si trabajan para empresas fuera del estado o si trabajan temporalmente en otros estados.<\/p>\t\t\t\t\t\t\t\t<\/div>\n\t\t\t\t<\/div>\n\t\t\t\t<\/div>\n\t\t\t\t\t<\/div>\n\t\t\t\t<\/div>\n\t\t<div class=\"elementor-element elementor-element-6c6d9a10 e-flex e-con-boxed e-con e-parent\" data-id=\"6c6d9a10\" data-element_type=\"container\" data-e-type=\"container\" data-settings=\"{&quot;background_background&quot;:&quot;classic&quot;}\">\n\t\t\t\t\t<div class=\"e-con-inner\">\n\t\t<div class=\"elementor-element elementor-element-335a4bfe e-con-full e-flex e-con e-child\" data-id=\"335a4bfe\" data-element_type=\"container\" data-e-type=\"container\" data-settings=\"{&quot;background_background&quot;:&quot;classic&quot;}\">\n\t\t\t\t<div class=\"elementor-element elementor-element-4eaa55c8 elementor-widget elementor-widget-text-editor\" data-id=\"4eaa55c8\" data-element_type=\"widget\" data-e-type=\"widget\" data-widget_type=\"text-editor.default\">\n\t\t\t\t<div class=\"elementor-widget-container\">\n\t\t\t\t\t\t\t\t\t<p>Sin embargo, existen excepciones limitadas en las que los acuerdos de no competencia son permitidos en California. Estas incluyen situaciones que involucran la venta de un negocio, disoluci\u00f3n de sociedades o cuando un miembro deja una LLC. En estos casos, los acuerdos deben ser razonables en alcance, tanto geogr\u00e1ficamente como en tiempo, para ser v\u00e1lidos y ejecutables.<\/p>\t\t\t\t\t\t\t\t<\/div>\n\t\t\t\t<\/div>\n\t\t\t\t<\/div>\n\t\t\t\t\t<\/div>\n\t\t\t\t<\/div>\n\t\t<div class=\"elementor-element elementor-element-16d571f8 e-flex e-con-boxed e-con e-parent\" data-id=\"16d571f8\" data-element_type=\"container\" data-e-type=\"container\" data-settings=\"{&quot;background_background&quot;:&quot;classic&quot;}\">\n\t\t\t\t\t<div class=\"e-con-inner\">\n\t\t<div class=\"elementor-element elementor-element-49dbd2ce e-con-full e-flex e-con e-child\" data-id=\"49dbd2ce\" data-element_type=\"container\" data-e-type=\"container\" data-settings=\"{&quot;background_background&quot;:&quot;classic&quot;}\">\n\t\t\t\t<div class=\"elementor-element elementor-element-24b22b91 elementor-widget elementor-widget-heading\" data-id=\"24b22b91\" data-element_type=\"widget\" data-e-type=\"widget\" data-widget_type=\"heading.default\">\n\t\t\t\t<div class=\"elementor-widget-container\">\n\t\t\t\t\t<p class=\"elementor-heading-title elementor-size-default\">Si tu empleador est\u00e1 tratando de imponer una cl\u00e1usula de no competencia contra ti o contra alguien que conoces, cont\u00e1ctanos de inmediato.\n<\/p>\t\t\t\t<\/div>\n\t\t\t\t<\/div>\n\t\t\t\t<div class=\"elementor-element elementor-element-5fa21dde elementor-widget elementor-widget-heading\" data-id=\"5fa21dde\" data-element_type=\"widget\" data-e-type=\"widget\" data-widget_type=\"heading.default\">\n\t\t\t\t<div class=\"elementor-widget-container\">\n\t\t\t\t\t<p class=\"elementor-heading-title elementor-size-default\">\u00a1Protegemos tus derechos!<\/p>\t\t\t\t<\/div>\n\t\t\t\t<\/div>\n\t\t\t\t<div class=\"elementor-element elementor-element-60e4c5f8 elementor-align-center elementor-widget elementor-widget-button\" data-id=\"60e4c5f8\" data-element_type=\"widget\" data-e-type=\"widget\" data-widget_type=\"button.default\">\n\t\t\t\t<div class=\"elementor-widget-container\">\n\t\t\t\t\t\t\t\t\t<div class=\"elementor-button-wrapper\">\n\t\t\t\t\t<a class=\"elementor-button elementor-button-link elementor-size-sm\" href=\"#elementor-action%3Aaction%3Dpopup%3Aopen%26settings%3DeyJpZCI6IjEzNzIiLCJ0b2dnbGUiOmZhbHNlfQ%3D%3D\">\n\t\t\t\t\t\t<span class=\"elementor-button-content-wrapper\">\n\t\t\t\t\t\t\t\t\t<span class=\"elementor-button-text\">Agenda una consulta<\/span>\n\t\t\t\t\t<\/span>\n\t\t\t\t\t<\/a>\n\t\t\t\t<\/div>\n\t\t\t\t\t\t\t\t<\/div>\n\t\t\t\t<\/div>\n\t\t\t\t<\/div>\n\t\t\t\t\t<\/div>\n\t\t\t\t<\/div>\n\t\t\t\t<\/div>\n\t\t","protected":false},"excerpt":{"rendered":"<p>Las cl\u00e1usulas de no competencia est\u00e1n dise\u00f1adas para prohibir a los empleados participar en actividades competitivas despu\u00e9s de dejar a su empleador actual. Sin embargo, el C\u00f3digo de Negocios y Profesiones de California, espec\u00edficamente la secci\u00f3n 16600, declara que estas cl\u00e1usulas son ilegales y defiende la libertad de los trabajadores para cambiar de empleo sin [&hellip;]<\/p>\n","protected":false},"author":6,"featured_media":0,"parent":2845,"menu_order":13,"comment_status":"closed","ping_status":"closed","template":"","meta":{"_acf_changed":false,"_monsterinsights_skip_tracking":false,"_monsterinsights_sitenote_active":false,"_monsterinsights_sitenote_note":"","_monsterinsights_sitenote_category":0,"_uf_show_specific_survey":0,"_uf_disable_surveys":false,"footnotes":""},"class_list":["post-2857","page","type-page","status-publish","hentry"],"acf":[],"aioseo_notices":[],"_links":{"self":[{"href":"https:\/\/www.proteccionenaccion.com\/es_mx\/wp-json\/wp\/v2\/pages\/2857","targetHints":{"allow":["GET"]}}],"collection":[{"href":"https:\/\/www.proteccionenaccion.com\/es_mx\/wp-json\/wp\/v2\/pages"}],"about":[{"href":"https:\/\/www.proteccionenaccion.com\/es_mx\/wp-json\/wp\/v2\/types\/page"}],"author":[{"embeddable":true,"href":"https:\/\/www.proteccionenaccion.com\/es_mx\/wp-json\/wp\/v2\/users\/6"}],"replies":[{"embeddable":true,"href":"https:\/\/www.proteccionenaccion.com\/es_mx\/wp-json\/wp\/v2\/comments?post=2857"}],"version-history":[{"count":0,"href":"https:\/\/www.proteccionenaccion.com\/es_mx\/wp-json\/wp\/v2\/pages\/2857\/revisions"}],"up":[{"embeddable":true,"href":"https:\/\/www.proteccionenaccion.com\/es_mx\/wp-json\/wp\/v2\/pages\/2845"}],"wp:attachment":[{"href":"https:\/\/www.proteccionenaccion.com\/es_mx\/wp-json\/wp\/v2\/media?parent=2857"}],"curies":[{"name":"wp","href":"https:\/\/api.w.org\/{rel}","templated":true}]}}