{"id":2991,"date":"2024-10-25T03:34:39","date_gmt":"2024-10-25T03:34:39","guid":{"rendered":"https:\/\/proteccion.abogadosnow.com\/ley-laboral\/ley-de-igualdad-salarial\/"},"modified":"2024-10-31T01:28:45","modified_gmt":"2024-10-31T01:28:45","slug":"ley-de-igualdad-salarial","status":"publish","type":"page","link":"https:\/\/www.proteccionenaccion.com\/en\/ley-laboral\/ley-de-igualdad-salarial\/","title":{"rendered":"Equal Pay Act"},"content":{"rendered":"<div data-elementor-type=\"wp-page\" data-elementor-id=\"2991\" class=\"elementor elementor-2991\" data-elementor-post-type=\"page\">\n\t\t\t\t<div class=\"elementor-element elementor-element-269d8196 e-con-full e-flex e-con e-parent\" data-id=\"269d8196\" data-element_type=\"container\" data-e-type=\"container\" data-settings=\"{&quot;background_background&quot;:&quot;classic&quot;}\">\n\t\t\t\t<div class=\"elementor-element elementor-element-71849226 elementor-widget elementor-widget-heading\" data-id=\"71849226\" data-element_type=\"widget\" data-e-type=\"widget\" data-widget_type=\"heading.default\">\n\t\t\t\t<div class=\"elementor-widget-container\">\n\t\t\t\t\t<h2 class=\"elementor-heading-title elementor-size-default\">Equal Pay Act<\/h2>\t\t\t\t<\/div>\n\t\t\t\t<\/div>\n\t\t\t\t<div class=\"elementor-element elementor-element-7484b6b6 elementor-widget-divider--view-line elementor-widget elementor-widget-divider\" data-id=\"7484b6b6\" data-element_type=\"widget\" data-e-type=\"widget\" data-widget_type=\"divider.default\">\n\t\t\t\t<div class=\"elementor-widget-container\">\n\t\t\t\t\t\t\t<div class=\"elementor-divider\">\n\t\t\t<span class=\"elementor-divider-separator\">\n\t\t\t\t\t\t<\/span>\n\t\t<\/div>\n\t\t\t\t\t\t<\/div>\n\t\t\t\t<\/div>\n\t\t\t\t<\/div>\n\t\t<div class=\"elementor-element elementor-element-6861ea27 e-flex e-con-boxed e-con e-parent\" data-id=\"6861ea27\" data-element_type=\"container\" data-e-type=\"container\">\n\t\t\t\t\t<div class=\"e-con-inner\">\n\t\t<div class=\"elementor-element elementor-element-2dc2f56e e-con-full e-flex e-con e-child\" data-id=\"2dc2f56e\" data-element_type=\"container\" data-e-type=\"container\">\n\t\t\t\t<div class=\"elementor-element elementor-element-508fa3fe elementor-widget elementor-widget-image\" data-id=\"508fa3fe\" data-element_type=\"widget\" data-e-type=\"widget\" data-widget_type=\"image.default\">\n\t\t\t\t<div class=\"elementor-widget-container\">\n\t\t\t\t\t\t\t\t\t\t\t\t\t\t\t<img decoding=\"async\" src=\"https:\/\/www.proteccionenaccion.com\/wp-content\/uploads\/elementor\/thumbs\/Depositphotos_239711010_XL-r574seuie9bxp6tjs7iuriiny60tl5pw8ppio394dg.webp\" title=\"Depositphotos_239711010_XL\" alt=\"Depositphotos_239711010_XL\" loading=\"lazy\" \/>\t\t\t\t\t\t\t\t\t\t\t\t\t\t\t<\/div>\n\t\t\t\t<\/div>\n\t\t\t\t<div class=\"elementor-element elementor-element-1de5b2af elementor-absolute elementor-widget elementor-widget-image\" data-id=\"1de5b2af\" data-element_type=\"widget\" data-e-type=\"widget\" data-settings=\"{&quot;_position&quot;:&quot;absolute&quot;}\" data-widget_type=\"image.default\">\n\t\t\t\t<div class=\"elementor-widget-container\">\n\t\t\t\t\t\t\t\t\t\t\t\t\t\t\t<img fetchpriority=\"high\" decoding=\"async\" width=\"800\" height=\"500\" src=\"https:\/\/www.proteccionenaccion.com\/wp-content\/uploads\/2024\/10\/border1-1024x640.png\" class=\"attachment-large size-large wp-image-3011\" alt=\"\" srcset=\"https:\/\/www.proteccionenaccion.com\/wp-content\/uploads\/2024\/10\/border1-1024x640.png 1024w, https:\/\/www.proteccionenaccion.com\/wp-content\/uploads\/2024\/10\/border1-300x188.png 300w, https:\/\/www.proteccionenaccion.com\/wp-content\/uploads\/2024\/10\/border1-768x480.png 768w, https:\/\/www.proteccionenaccion.com\/wp-content\/uploads\/2024\/10\/border1-18x12.png 18w, https:\/\/www.proteccionenaccion.com\/wp-content\/uploads\/2024\/10\/border1.png 1440w\" sizes=\"(max-width: 800px) 100vw, 800px\" \/>\t\t\t\t\t\t\t\t\t\t\t\t\t\t\t<\/div>\n\t\t\t\t<\/div>\n\t\t\t\t<\/div>\n\t\t<div class=\"elementor-element elementor-element-7cd8c6d e-con-full e-flex e-con e-child\" data-id=\"7cd8c6d\" data-element_type=\"container\" data-e-type=\"container\">\n\t\t\t\t<div class=\"elementor-element elementor-element-707bd5b6 elementor-widget elementor-widget-text-editor\" data-id=\"707bd5b6\" data-element_type=\"widget\" data-e-type=\"widget\" data-widget_type=\"text-editor.default\">\n\t\t\t\t<div class=\"elementor-widget-container\">\n\t\t\t\t\t\t\t\t\t<p>Both federal and state laws have been enacted to address the issue of pay inequity, particularly regarding gender and race-based disparities. The Federal Equal Pay Act of 1963 prohibits wage discrimination based on sex for equal work requiring equal skill, effort, and responsibility under similar working conditions. It provides four exceptions: seniority systems, merit systems, production-based earnings systems, and differentials based on factors other than sex.<\/p><p>California\u2019s Equal Pay Act law prohibits pay disparities based on sex, race, or ethnicity for \u201csubstantially similar work,\u201d a broader standard than the federal law\u2019s \u201cequal work\u201d requirement. California\u2019s law allows for pay differences based on seniority, merit, production-based systems, or bona fide factors other than protected characteristics.<\/p>\t\t\t\t\t\t\t\t<\/div>\n\t\t\t\t<\/div>\n\t\t\t\t<\/div>\n\t\t\t\t\t<\/div>\n\t\t\t\t<\/div>\n\t\t<div class=\"elementor-element elementor-element-58e10962 e-flex e-con-boxed e-con e-parent\" data-id=\"58e10962\" data-element_type=\"container\" data-e-type=\"container\" data-settings=\"{&quot;background_background&quot;:&quot;classic&quot;}\">\n\t\t\t\t\t<div class=\"e-con-inner\">\n\t\t<div class=\"elementor-element elementor-element-5555b80f e-con-full e-flex e-con e-child\" data-id=\"5555b80f\" data-element_type=\"container\" data-e-type=\"container\" data-settings=\"{&quot;background_background&quot;:&quot;classic&quot;}\">\n\t\t\t\t<div class=\"elementor-element elementor-element-6812f915 elementor-widget elementor-widget-text-editor\" data-id=\"6812f915\" data-element_type=\"widget\" data-e-type=\"widget\" data-widget_type=\"text-editor.default\">\n\t\t\t\t<div class=\"elementor-widget-container\">\n\t\t\t\t\t\t\t\t\t<p>Both state and federal laws prohibit retaliation against employees who exercise their rights under equal pay laws.<\/p>\t\t\t\t\t\t\t\t<\/div>\n\t\t\t\t<\/div>\n\t\t\t\t<\/div>\n\t\t\t\t\t<\/div>\n\t\t\t\t<\/div>\n\t\t<div class=\"elementor-element elementor-element-1a43f468 e-flex e-con-boxed e-con e-parent\" data-id=\"1a43f468\" data-element_type=\"container\" data-e-type=\"container\" data-settings=\"{&quot;background_background&quot;:&quot;classic&quot;}\">\n\t\t\t\t\t<div class=\"e-con-inner\">\n\t\t<div class=\"elementor-element elementor-element-46f8495f e-con-full e-flex e-con e-child\" data-id=\"46f8495f\" data-element_type=\"container\" data-e-type=\"container\" data-settings=\"{&quot;background_background&quot;:&quot;classic&quot;}\">\n\t\t\t\t<div class=\"elementor-element elementor-element-5f38d7d3 elementor-widget elementor-widget-heading\" data-id=\"5f38d7d3\" data-element_type=\"widget\" data-e-type=\"widget\" data-widget_type=\"heading.default\">\n\t\t\t\t<div class=\"elementor-widget-container\">\n\t\t\t\t\t<p class=\"elementor-heading-title elementor-size-default\">If you or someone you know is not being paid the same as other workers because of your race or gender, contact us immediately.\n<\/p>\t\t\t\t<\/div>\n\t\t\t\t<\/div>\n\t\t\t\t<div class=\"elementor-element elementor-element-1bca5d3c elementor-widget elementor-widget-heading\" data-id=\"1bca5d3c\" data-element_type=\"widget\" data-e-type=\"widget\" data-widget_type=\"heading.default\">\n\t\t\t\t<div class=\"elementor-widget-container\">\n\t\t\t\t\t<p class=\"elementor-heading-title elementor-size-default\">We protect your rights!<\/p>\t\t\t\t<\/div>\n\t\t\t\t<\/div>\n\t\t\t\t<div class=\"elementor-element elementor-element-54ce7d88 elementor-align-center elementor-widget elementor-widget-button\" data-id=\"54ce7d88\" data-element_type=\"widget\" data-e-type=\"widget\" data-widget_type=\"button.default\">\n\t\t\t\t<div class=\"elementor-widget-container\">\n\t\t\t\t\t\t\t\t\t<div class=\"elementor-button-wrapper\">\n\t\t\t\t\t<a class=\"elementor-button elementor-button-link elementor-size-sm\" href=\"#elementor-action%3Aaction%3Dpopup%3Aopen%26settings%3DeyJpZCI6IjEzNzIiLCJ0b2dnbGUiOmZhbHNlfQ%3D%3D\">\n\t\t\t\t\t\t<span class=\"elementor-button-content-wrapper\">\n\t\t\t\t\t\t\t\t\t<span class=\"elementor-button-text\">Schedule Your Consultation<\/span>\n\t\t\t\t\t<\/span>\n\t\t\t\t\t<\/a>\n\t\t\t\t<\/div>\n\t\t\t\t\t\t\t\t<\/div>\n\t\t\t\t<\/div>\n\t\t\t\t<\/div>\n\t\t\t\t\t<\/div>\n\t\t\t\t<\/div>\n\t\t\t\t<\/div>","protected":false},"excerpt":{"rendered":"<p>Tanto las leyes federales como las estatales se han promulgado para abordar el problema de la desigualdad salarial, particularmente en lo que respecta a disparidades basadas en el g\u00e9nero y la raza. La Ley Federal de Igualdad Salarial de 1963 proh\u00edbe la discriminaci\u00f3n salarial basada en el sexo por trabajo igual que requiere igual habilidad, [&hellip;]<\/p>\n","protected":false},"author":6,"featured_media":0,"parent":2845,"menu_order":68,"comment_status":"closed","ping_status":"closed","template":"","meta":{"_acf_changed":false,"_monsterinsights_skip_tracking":false,"_monsterinsights_sitenote_active":false,"_monsterinsights_sitenote_note":"","_monsterinsights_sitenote_category":0,"_uf_show_specific_survey":0,"_uf_disable_surveys":false,"footnotes":""},"class_list":["post-2991","page","type-page","status-publish","hentry"],"acf":[],"aioseo_notices":[],"_links":{"self":[{"href":"https:\/\/www.proteccionenaccion.com\/en\/wp-json\/wp\/v2\/pages\/2991","targetHints":{"allow":["GET"]}}],"collection":[{"href":"https:\/\/www.proteccionenaccion.com\/en\/wp-json\/wp\/v2\/pages"}],"about":[{"href":"https:\/\/www.proteccionenaccion.com\/en\/wp-json\/wp\/v2\/types\/page"}],"author":[{"embeddable":true,"href":"https:\/\/www.proteccionenaccion.com\/en\/wp-json\/wp\/v2\/users\/6"}],"replies":[{"embeddable":true,"href":"https:\/\/www.proteccionenaccion.com\/en\/wp-json\/wp\/v2\/comments?post=2991"}],"version-history":[{"count":0,"href":"https:\/\/www.proteccionenaccion.com\/en\/wp-json\/wp\/v2\/pages\/2991\/revisions"}],"up":[{"embeddable":true,"href":"https:\/\/www.proteccionenaccion.com\/en\/wp-json\/wp\/v2\/pages\/2845"}],"wp:attachment":[{"href":"https:\/\/www.proteccionenaccion.com\/en\/wp-json\/wp\/v2\/media?parent=2991"}],"curies":[{"name":"wp","href":"https:\/\/api.w.org\/{rel}","templated":true}]}}